{"id":405,"date":"2016-11-15T14:01:35","date_gmt":"2016-11-15T14:01:35","guid":{"rendered":"https:\/\/incargoandalucia.com\/services\/"},"modified":"2022-01-18T22:23:49","modified_gmt":"2022-01-18T21:23:49","slug":"importacion-exportacion-envios-fletes-transportes-terrestres-maritimos-aereos","status":"publish","type":"page","link":"https:\/\/incargoandalucia.com\/es\/importacion-exportacion-envios-fletes-transportes-terrestres-maritimos-aereos\/","title":{"rendered":"Services"},"content":{"rendered":"","protected":false},"excerpt":{"rendered":"","protected":false},"author":5,"featured_media":0,"parent":0,"menu_order":0,"comment_status":"closed","ping_status":"closed","template":"","meta":{"footnotes":""},"class_list":["post-405","page","type-page","status-publish","hentry"],"yoast_head":"<!-- This site is optimized with the Yoast SEO plugin v27.0 - https:\/\/yoast.com\/product\/yoast-seo-wordpress\/ -->\n<title>Servicios mar\u00edtimos, terrestres y a\u00e9reos. Algeciras<\/title>\n<meta name=\"description\" content=\"Carga completa y grupaje, servicios de transporte de contenedores y mercanc\u00edas nacional e internacional. Importaci\u00f3n y exportaci\u00f3n. Aduanas.\" \/>\n<meta name=\"robots\" content=\"index, follow, max-snippet:-1, max-image-preview:large, max-video-preview:-1\" \/>\n<link rel=\"canonical\" href=\"https:\/\/incargoandalucia.com\/es\/importacion-exportacion-envios-fletes-transportes-terrestres-maritimos-aereos\/\" \/>\n<meta property=\"og:locale\" content=\"es_ES\" \/>\n<meta property=\"og:type\" content=\"article\" \/>\n<meta property=\"og:title\" content=\"Servicios mar\u00edtimos, terrestres y a\u00e9reos. Algeciras\" \/>\n<meta property=\"og:description\" content=\"Carga completa y grupaje, servicios de transporte de contenedores y mercanc\u00edas nacional e internacional. Importaci\u00f3n y exportaci\u00f3n. Aduanas.\" \/>\n<meta property=\"og:url\" content=\"https:\/\/incargoandalucia.com\/es\/importacion-exportacion-envios-fletes-transportes-terrestres-maritimos-aereos\/\" \/>\n<meta property=\"og:site_name\" content=\"Incargo Andaluc\u00eda Sur\" \/>\n<meta property=\"article:modified_time\" content=\"2022-01-18T21:23:49+00:00\" \/>\n<meta name=\"twitter:card\" content=\"summary_large_image\" \/>\n<script type=\"application\/ld+json\" class=\"yoast-schema-graph\">{\"@context\":\"https:\/\/schema.org\",\"@graph\":[{\"@type\":\"WebPage\",\"@id\":\"https:\/\/incargoandalucia.com\/es\/importacion-exportacion-envios-fletes-transportes-terrestres-maritimos-aereos\/\",\"url\":\"https:\/\/incargoandalucia.com\/es\/importacion-exportacion-envios-fletes-transportes-terrestres-maritimos-aereos\/\",\"name\":\"Servicios mar\u00edtimos, terrestres y a\u00e9reos. Algeciras\",\"isPartOf\":{\"@id\":\"https:\/\/incargoandalucia.com\/#website\"},\"datePublished\":\"2016-11-15T14:01:35+00:00\",\"dateModified\":\"2022-01-18T21:23:49+00:00\",\"description\":\"Carga completa y grupaje, servicios de transporte de contenedores y mercanc\u00edas nacional e internacional. Importaci\u00f3n y exportaci\u00f3n. Aduanas.\",\"breadcrumb\":{\"@id\":\"https:\/\/incargoandalucia.com\/es\/importacion-exportacion-envios-fletes-transportes-terrestres-maritimos-aereos\/#breadcrumb\"},\"inLanguage\":\"es\",\"potentialAction\":[{\"@type\":\"ReadAction\",\"target\":[\"https:\/\/incargoandalucia.com\/es\/importacion-exportacion-envios-fletes-transportes-terrestres-maritimos-aereos\/\"]}]},{\"@type\":\"BreadcrumbList\",\"@id\":\"https:\/\/incargoandalucia.com\/es\/importacion-exportacion-envios-fletes-transportes-terrestres-maritimos-aereos\/#breadcrumb\",\"itemListElement\":[{\"@type\":\"ListItem\",\"position\":1,\"name\":\"Home\",\"item\":\"https:\/\/incargoandalucia.com\/es\/\"},{\"@type\":\"ListItem\",\"position\":2,\"name\":\"Services\"}]},{\"@type\":\"WebSite\",\"@id\":\"https:\/\/incargoandalucia.com\/#website\",\"url\":\"https:\/\/incargoandalucia.com\/\",\"name\":\"Incargo Andaluc\u00eda Sur\",\"description\":\"Consignaciones Aduanas y Tr\u00e1nsitos\",\"potentialAction\":[{\"@type\":\"SearchAction\",\"target\":{\"@type\":\"EntryPoint\",\"urlTemplate\":\"https:\/\/incargoandalucia.com\/?s={search_term_string}\"},\"query-input\":{\"@type\":\"PropertyValueSpecification\",\"valueRequired\":true,\"valueName\":\"search_term_string\"}}],\"inLanguage\":\"es\"}]}<\/script>\n<!-- \/ Yoast SEO plugin. -->","yoast_head_json":{"title":"Servicios mar\u00edtimos, terrestres y a\u00e9reos. Algeciras","description":"Carga completa y grupaje, servicios de transporte de contenedores y mercanc\u00edas nacional e internacional. Importaci\u00f3n y exportaci\u00f3n. Aduanas.","robots":{"index":"index","follow":"follow","max-snippet":"max-snippet:-1","max-image-preview":"max-image-preview:large","max-video-preview":"max-video-preview:-1"},"canonical":"https:\/\/incargoandalucia.com\/es\/importacion-exportacion-envios-fletes-transportes-terrestres-maritimos-aereos\/","og_locale":"es_ES","og_type":"article","og_title":"Servicios mar\u00edtimos, terrestres y a\u00e9reos. Algeciras","og_description":"Carga completa y grupaje, servicios de transporte de contenedores y mercanc\u00edas nacional e internacional. Importaci\u00f3n y exportaci\u00f3n. Aduanas.","og_url":"https:\/\/incargoandalucia.com\/es\/importacion-exportacion-envios-fletes-transportes-terrestres-maritimos-aereos\/","og_site_name":"Incargo Andaluc\u00eda Sur","article_modified_time":"2022-01-18T21:23:49+00:00","twitter_card":"summary_large_image","schema":{"@context":"https:\/\/schema.org","@graph":[{"@type":"WebPage","@id":"https:\/\/incargoandalucia.com\/es\/importacion-exportacion-envios-fletes-transportes-terrestres-maritimos-aereos\/","url":"https:\/\/incargoandalucia.com\/es\/importacion-exportacion-envios-fletes-transportes-terrestres-maritimos-aereos\/","name":"Servicios mar\u00edtimos, terrestres y a\u00e9reos. Algeciras","isPartOf":{"@id":"https:\/\/incargoandalucia.com\/#website"},"datePublished":"2016-11-15T14:01:35+00:00","dateModified":"2022-01-18T21:23:49+00:00","description":"Carga completa y grupaje, servicios de transporte de contenedores y mercanc\u00edas nacional e internacional. Importaci\u00f3n y exportaci\u00f3n. Aduanas.","breadcrumb":{"@id":"https:\/\/incargoandalucia.com\/es\/importacion-exportacion-envios-fletes-transportes-terrestres-maritimos-aereos\/#breadcrumb"},"inLanguage":"es","potentialAction":[{"@type":"ReadAction","target":["https:\/\/incargoandalucia.com\/es\/importacion-exportacion-envios-fletes-transportes-terrestres-maritimos-aereos\/"]}]},{"@type":"BreadcrumbList","@id":"https:\/\/incargoandalucia.com\/es\/importacion-exportacion-envios-fletes-transportes-terrestres-maritimos-aereos\/#breadcrumb","itemListElement":[{"@type":"ListItem","position":1,"name":"Home","item":"https:\/\/incargoandalucia.com\/es\/"},{"@type":"ListItem","position":2,"name":"Services"}]},{"@type":"WebSite","@id":"https:\/\/incargoandalucia.com\/#website","url":"https:\/\/incargoandalucia.com\/","name":"Incargo Andaluc\u00eda Sur","description":"Consignaciones Aduanas y Tr\u00e1nsitos","potentialAction":[{"@type":"SearchAction","target":{"@type":"EntryPoint","urlTemplate":"https:\/\/incargoandalucia.com\/?s={search_term_string}"},"query-input":{"@type":"PropertyValueSpecification","valueRequired":true,"valueName":"search_term_string"}}],"inLanguage":"es"}]}},"_links":{"self":[{"href":"https:\/\/incargoandalucia.com\/es\/wp-json\/wp\/v2\/pages\/405","targetHints":{"allow":["GET"]}}],"collection":[{"href":"https:\/\/incargoandalucia.com\/es\/wp-json\/wp\/v2\/pages"}],"about":[{"href":"https:\/\/incargoandalucia.com\/es\/wp-json\/wp\/v2\/types\/page"}],"author":[{"embeddable":true,"href":"https:\/\/incargoandalucia.com\/es\/wp-json\/wp\/v2\/users\/5"}],"replies":[{"embeddable":true,"href":"https:\/\/incargoandalucia.com\/es\/wp-json\/wp\/v2\/comments?post=405"}],"version-history":[{"count":5,"href":"https:\/\/incargoandalucia.com\/es\/wp-json\/wp\/v2\/pages\/405\/revisions"}],"predecessor-version":[{"id":511,"href":"https:\/\/incargoandalucia.com\/es\/wp-json\/wp\/v2\/pages\/405\/revisions\/511"}],"wp:attachment":[{"href":"https:\/\/incargoandalucia.com\/es\/wp-json\/wp\/v2\/media?parent=405"}],"curies":[{"name":"wp","href":"https:\/\/api.w.org\/{rel}","templated":true}]}}