{"id":392,"date":"2016-11-15T14:02:30","date_gmt":"2016-11-15T14:02:30","guid":{"rendered":"https:\/\/incargoandalucia.com\/contact\/"},"modified":"2022-11-29T14:37:49","modified_gmt":"2022-11-29T13:37:49","slug":"grupajes-tramites-comercio-exterior-y-aduanas","status":"publish","type":"page","link":"https:\/\/incargoandalucia.com\/es\/grupajes-tramites-comercio-exterior-y-aduanas\/","title":{"rendered":"Contact"},"content":{"rendered":"","protected":false},"excerpt":{"rendered":"","protected":false},"author":5,"featured_media":0,"parent":0,"menu_order":0,"comment_status":"closed","ping_status":"closed","template":"","meta":{"footnotes":""},"class_list":["post-392","page","type-page","status-publish","hentry"],"yoast_head":"<!-- This site is optimized with the Yoast SEO plugin v27.0 - https:\/\/yoast.com\/product\/yoast-seo-wordpress\/ -->\n<title>Grupajes y tr\u00e1mites de comercio exterior y aduanas. Algeciras<\/title>\n<meta name=\"description\" content=\"Rapidez, gesti\u00f3n y eficacia. Servicio de grupajes. Todo tipo de mercanc\u00edas en cualquier clase de veh\u00edculo. P\u00eddanos presupuesto\" \/>\n<meta name=\"robots\" content=\"index, follow, max-snippet:-1, max-image-preview:large, max-video-preview:-1\" \/>\n<link rel=\"canonical\" href=\"https:\/\/incargoandalucia.com\/es\/grupajes-tramites-comercio-exterior-y-aduanas\/\" \/>\n<meta property=\"og:locale\" content=\"es_ES\" \/>\n<meta property=\"og:type\" content=\"article\" \/>\n<meta property=\"og:title\" content=\"Grupajes y tr\u00e1mites de comercio exterior y aduanas. Algeciras\" \/>\n<meta property=\"og:description\" content=\"Rapidez, gesti\u00f3n y eficacia. Servicio de grupajes. Todo tipo de mercanc\u00edas en cualquier clase de veh\u00edculo. P\u00eddanos presupuesto\" \/>\n<meta property=\"og:url\" content=\"https:\/\/incargoandalucia.com\/es\/grupajes-tramites-comercio-exterior-y-aduanas\/\" \/>\n<meta property=\"og:site_name\" content=\"Incargo Andaluc\u00eda Sur\" \/>\n<meta property=\"article:modified_time\" content=\"2022-11-29T13:37:49+00:00\" \/>\n<meta name=\"twitter:card\" content=\"summary_large_image\" \/>\n<script type=\"application\/ld+json\" class=\"yoast-schema-graph\">{\"@context\":\"https:\/\/schema.org\",\"@graph\":[{\"@type\":\"WebPage\",\"@id\":\"https:\/\/incargoandalucia.com\/es\/grupajes-tramites-comercio-exterior-y-aduanas\/\",\"url\":\"https:\/\/incargoandalucia.com\/es\/grupajes-tramites-comercio-exterior-y-aduanas\/\",\"name\":\"Grupajes y tr\u00e1mites de comercio exterior y aduanas. Algeciras\",\"isPartOf\":{\"@id\":\"https:\/\/incargoandalucia.com\/#website\"},\"datePublished\":\"2016-11-15T14:02:30+00:00\",\"dateModified\":\"2022-11-29T13:37:49+00:00\",\"description\":\"Rapidez, gesti\u00f3n y eficacia. Servicio de grupajes. Todo tipo de mercanc\u00edas en cualquier clase de veh\u00edculo. P\u00eddanos presupuesto\",\"breadcrumb\":{\"@id\":\"https:\/\/incargoandalucia.com\/es\/grupajes-tramites-comercio-exterior-y-aduanas\/#breadcrumb\"},\"inLanguage\":\"es\",\"potentialAction\":[{\"@type\":\"ReadAction\",\"target\":[\"https:\/\/incargoandalucia.com\/es\/grupajes-tramites-comercio-exterior-y-aduanas\/\"]}]},{\"@type\":\"BreadcrumbList\",\"@id\":\"https:\/\/incargoandalucia.com\/es\/grupajes-tramites-comercio-exterior-y-aduanas\/#breadcrumb\",\"itemListElement\":[{\"@type\":\"ListItem\",\"position\":1,\"name\":\"Home\",\"item\":\"https:\/\/incargoandalucia.com\/es\/\"},{\"@type\":\"ListItem\",\"position\":2,\"name\":\"Contact\"}]},{\"@type\":\"WebSite\",\"@id\":\"https:\/\/incargoandalucia.com\/#website\",\"url\":\"https:\/\/incargoandalucia.com\/\",\"name\":\"Incargo Andaluc\u00eda Sur\",\"description\":\"Consignaciones Aduanas y Tr\u00e1nsitos\",\"potentialAction\":[{\"@type\":\"SearchAction\",\"target\":{\"@type\":\"EntryPoint\",\"urlTemplate\":\"https:\/\/incargoandalucia.com\/?s={search_term_string}\"},\"query-input\":{\"@type\":\"PropertyValueSpecification\",\"valueRequired\":true,\"valueName\":\"search_term_string\"}}],\"inLanguage\":\"es\"}]}<\/script>\n<!-- \/ Yoast SEO plugin. -->","yoast_head_json":{"title":"Grupajes y tr\u00e1mites de comercio exterior y aduanas. Algeciras","description":"Rapidez, gesti\u00f3n y eficacia. Servicio de grupajes. Todo tipo de mercanc\u00edas en cualquier clase de veh\u00edculo. P\u00eddanos presupuesto","robots":{"index":"index","follow":"follow","max-snippet":"max-snippet:-1","max-image-preview":"max-image-preview:large","max-video-preview":"max-video-preview:-1"},"canonical":"https:\/\/incargoandalucia.com\/es\/grupajes-tramites-comercio-exterior-y-aduanas\/","og_locale":"es_ES","og_type":"article","og_title":"Grupajes y tr\u00e1mites de comercio exterior y aduanas. Algeciras","og_description":"Rapidez, gesti\u00f3n y eficacia. Servicio de grupajes. Todo tipo de mercanc\u00edas en cualquier clase de veh\u00edculo. P\u00eddanos presupuesto","og_url":"https:\/\/incargoandalucia.com\/es\/grupajes-tramites-comercio-exterior-y-aduanas\/","og_site_name":"Incargo Andaluc\u00eda Sur","article_modified_time":"2022-11-29T13:37:49+00:00","twitter_card":"summary_large_image","schema":{"@context":"https:\/\/schema.org","@graph":[{"@type":"WebPage","@id":"https:\/\/incargoandalucia.com\/es\/grupajes-tramites-comercio-exterior-y-aduanas\/","url":"https:\/\/incargoandalucia.com\/es\/grupajes-tramites-comercio-exterior-y-aduanas\/","name":"Grupajes y tr\u00e1mites de comercio exterior y aduanas. Algeciras","isPartOf":{"@id":"https:\/\/incargoandalucia.com\/#website"},"datePublished":"2016-11-15T14:02:30+00:00","dateModified":"2022-11-29T13:37:49+00:00","description":"Rapidez, gesti\u00f3n y eficacia. Servicio de grupajes. Todo tipo de mercanc\u00edas en cualquier clase de veh\u00edculo. P\u00eddanos presupuesto","breadcrumb":{"@id":"https:\/\/incargoandalucia.com\/es\/grupajes-tramites-comercio-exterior-y-aduanas\/#breadcrumb"},"inLanguage":"es","potentialAction":[{"@type":"ReadAction","target":["https:\/\/incargoandalucia.com\/es\/grupajes-tramites-comercio-exterior-y-aduanas\/"]}]},{"@type":"BreadcrumbList","@id":"https:\/\/incargoandalucia.com\/es\/grupajes-tramites-comercio-exterior-y-aduanas\/#breadcrumb","itemListElement":[{"@type":"ListItem","position":1,"name":"Home","item":"https:\/\/incargoandalucia.com\/es\/"},{"@type":"ListItem","position":2,"name":"Contact"}]},{"@type":"WebSite","@id":"https:\/\/incargoandalucia.com\/#website","url":"https:\/\/incargoandalucia.com\/","name":"Incargo Andaluc\u00eda Sur","description":"Consignaciones Aduanas y Tr\u00e1nsitos","potentialAction":[{"@type":"SearchAction","target":{"@type":"EntryPoint","urlTemplate":"https:\/\/incargoandalucia.com\/?s={search_term_string}"},"query-input":{"@type":"PropertyValueSpecification","valueRequired":true,"valueName":"search_term_string"}}],"inLanguage":"es"}]}},"_links":{"self":[{"href":"https:\/\/incargoandalucia.com\/es\/wp-json\/wp\/v2\/pages\/392","targetHints":{"allow":["GET"]}}],"collection":[{"href":"https:\/\/incargoandalucia.com\/es\/wp-json\/wp\/v2\/pages"}],"about":[{"href":"https:\/\/incargoandalucia.com\/es\/wp-json\/wp\/v2\/types\/page"}],"author":[{"embeddable":true,"href":"https:\/\/incargoandalucia.com\/es\/wp-json\/wp\/v2\/users\/5"}],"replies":[{"embeddable":true,"href":"https:\/\/incargoandalucia.com\/es\/wp-json\/wp\/v2\/comments?post=392"}],"version-history":[{"count":5,"href":"https:\/\/incargoandalucia.com\/es\/wp-json\/wp\/v2\/pages\/392\/revisions"}],"predecessor-version":[{"id":652,"href":"https:\/\/incargoandalucia.com\/es\/wp-json\/wp\/v2\/pages\/392\/revisions\/652"}],"wp:attachment":[{"href":"https:\/\/incargoandalucia.com\/es\/wp-json\/wp\/v2\/media?parent=392"}],"curies":[{"name":"wp","href":"https:\/\/api.w.org\/{rel}","templated":true}]}}